{"id":1439,"date":"2026-05-12T18:58:36","date_gmt":"2026-05-12T18:58:36","guid":{"rendered":"https:\/\/timatargentina.com\/?post_type=product&#038;p=1439"},"modified":"2026-05-12T18:58:51","modified_gmt":"2026-05-12T18:58:51","slug":"policarbonato-alveolar-210-x-580m","status":"publish","type":"product","link":"https:\/\/timatargentina.com\/en\/product\/policarbonato-alveolar-210-x-580m\/","title":{"rendered":"Policarbonato alveolar 2,10 x 5,80m"},"content":{"rendered":"<p>Ideal para cubiertas, galer\u00edas, invernaderos y cerramientos que requieren paso de luz natural con aislaci\u00f3n t\u00e9rmica.<\/p>\n<p>Caracter\u00edsticas:<br \/>\n&#8211; Ancho est\u00e1ndar: 2,10m<br \/>\n&#8211; Largo est\u00e1ndar: 5,80m<br \/>\n&#8211; Espesores disponibles: 4mm \/ 6mm \/ 8mm \/ 10mm<br \/>\n&#8211; Colores: Cristal, Bronce, Fum\u00e9<br \/>\n&#8211; Protecci\u00f3n UV coextrusionada<br \/>\n&#8211; Liviano y de f\u00e1cil instalaci\u00f3n<br \/>\n&#8211; Alta resistencia al impacto<\/p>\n<p>Accesorios disponibles:<br \/>\n&#8211; Perfil H 4\/6mm \u2014 largo 5,80m<br \/>\n&#8211; Perfil U 4\/6mm \u2014 largo 2,10m<br \/>\n&#8211; Perfil H 8\/10mm \u2014 largo 5,80m<br \/>\n&#8211; Perfil U 8\/10mm \u2014 largo 2,10m<\/p>\n<p>Distribuci\u00f3n mayorista. Modalidad de pago y tiempos de entrega se coordinan con nuestro equipo comercial una vez recibido tu pedido.<\/p>","protected":false},"excerpt":{"rendered":"<p>Ideal para cubiertas, galer\u00edas, invernaderos y cerramientos que requieren paso de luz natural con aislaci\u00f3n t\u00e9rmica. Caracter\u00edsticas: &#8211; Ancho est\u00e1ndar: [&hellip;]<\/p>\n","protected":false},"featured_media":1452,"comment_status":"open","ping_status":"closed","template":"","meta":{"_eb_attr":"","inline_featured_image":false,"site-sidebar-layout":"default","site-content-layout":"","ast-site-content-layout":"default","site-content-style":"default","site-sidebar-style":"default","ast-global-header-display":"","ast-banner-title-visibility":"","ast-main-header-display":"","ast-hfb-above-header-display":"","ast-hfb-below-header-display":"","ast-hfb-mobile-header-display":"","site-post-title":"","ast-breadcrumbs-content":"","ast-featured-img":"","footer-sml-layout":"","ast-disable-related-posts":"","theme-transparent-header-meta":"default","adv-header-id-meta":"","stick-header-meta":"","header-above-stick-meta":"","header-main-stick-meta":"","header-below-stick-meta":"","astra-migrate-meta-layouts":"set","ast-page-background-enabled":"default","ast-page-background-meta":{"desktop":{"background-color":"var(--ast-global-color-5)","background-image":"","background-repeat":"repeat","background-position":"center center","background-size":"auto","background-attachment":"scroll","background-type":"","background-media":"","overlay-type":"","overlay-color":"","overlay-opacity":"","overlay-gradient":""},"tablet":{"background-color":"","background-image":"","background-repeat":"repeat","background-position":"center center","background-size":"auto","background-attachment":"scroll","background-type":"","background-media":"","overlay-type":"","overlay-color":"","overlay-opacity":"","overlay-gradient":""},"mobile":{"background-color":"","background-image":"","background-repeat":"repeat","background-position":"center center","background-size":"auto","background-attachment":"scroll","background-type":"","background-media":"","overlay-type":"","overlay-color":"","overlay-opacity":"","overlay-gradient":""}},"ast-content-background-meta":{"desktop":{"background-color":"var(--ast-global-color-4)","background-image":"","background-repeat":"repeat","background-position":"center center","background-size":"auto","background-attachment":"scroll","background-type":"","background-media":"","overlay-type":"","overlay-color":"","overlay-opacity":"","overlay-gradient":""},"tablet":{"background-color":"var(--ast-global-color-4)","background-image":"","background-repeat":"repeat","background-position":"center center","background-size":"auto","background-attachment":"scroll","background-type":"","background-media":"","overlay-type":"","overlay-color":"","overlay-opacity":"","overlay-gradient":""},"mobile":{"background-color":"var(--ast-global-color-4)","background-image":"","background-repeat":"repeat","background-position":"center center","background-size":"auto","background-attachment":"scroll","background-type":"","background-media":"","overlay-type":"","overlay-color":"","overlay-opacity":"","overlay-gradient":""}}},"product_brand":[],"product_cat":[39],"product_tag":[41,44,42,43,40,46,45],"class_list":{"0":"post-1439","1":"product","2":"type-product","3":"status-publish","4":"has-post-thumbnail","6":"product_cat-policarbonato","7":"product_tag-alveolar","8":"product_tag-cerramiento","9":"product_tag-cubierta","10":"product_tag-lucernario","11":"product_tag-policarbonato","12":"product_tag-proteccion-uv","13":"product_tag-traslucido","14":"_wholesalex wsx-wholesalex-product","15":"desktop-align-left","16":"tablet-align-left","17":"mobile-align-left","19":"first","20":"instock","21":"taxable","22":"shipping-taxable","23":"purchasable","24":"product-type-variable"},"_links":{"self":[{"href":"https:\/\/timatargentina.com\/en\/wp-json\/wp\/v2\/product\/1439","targetHints":{"allow":["GET"]}}],"collection":[{"href":"https:\/\/timatargentina.com\/en\/wp-json\/wp\/v2\/product"}],"about":[{"href":"https:\/\/timatargentina.com\/en\/wp-json\/wp\/v2\/types\/product"}],"replies":[{"embeddable":true,"href":"https:\/\/timatargentina.com\/en\/wp-json\/wp\/v2\/comments?post=1439"}],"wp:featuredmedia":[{"embeddable":true,"href":"https:\/\/timatargentina.com\/en\/wp-json\/wp\/v2\/media\/1452"}],"wp:attachment":[{"href":"https:\/\/timatargentina.com\/en\/wp-json\/wp\/v2\/media?parent=1439"}],"wp:term":[{"taxonomy":"product_brand","embeddable":true,"href":"https:\/\/timatargentina.com\/en\/wp-json\/wp\/v2\/product_brand?post=1439"},{"taxonomy":"product_cat","embeddable":true,"href":"https:\/\/timatargentina.com\/en\/wp-json\/wp\/v2\/product_cat?post=1439"},{"taxonomy":"product_tag","embeddable":true,"href":"https:\/\/timatargentina.com\/en\/wp-json\/wp\/v2\/product_tag?post=1439"}],"curies":[{"name":"wp","href":"https:\/\/api.w.org\/{rel}","templated":true}]}}